{"id":26,"date":"2024-09-07T12:09:48","date_gmt":"2024-09-07T12:09:48","guid":{"rendered":"https:\/\/villatiitus.fi\/?page_id=26"},"modified":"2024-11-05T15:48:41","modified_gmt":"2024-11-05T15:48:41","slug":"etusivu","status":"publish","type":"page","link":"https:\/\/villatiitus.fi\/","title":{"rendered":"Villa Tiitus \u2013 Tunnelmaa ja v\u00e4lj\u00e4\u00e4 oleskelua Rukaj\u00e4rven syleilyss\u00e4"},"content":{"rendered":"\n<div class=\"wp-block-group\"><div class=\"wp-block-group__inner-container is-layout-constrained wp-block-group-is-layout-constrained\">\n<p><strong>Villa-Tiitus sijaitsee kauniilla paikalla Rukaj\u00e4rven rannalla. Saunanlauteilta voit ihailla Ruka tunturin silhuettia eli Rukan palvelut ovat l\u00e4hell\u00e4si. Huvila tarjoaa k\u00e4ytt\u00f6\u00f6si upean kokonaisuuden kokoustamiseen, rentoutumiseen ja majoittumiseen. \u00a0Hirsisein\u00e4t k\u00e4tkev\u00e4t sis\u00e4\u00e4ns\u00e4 v\u00e4lj\u00e4sti sisustetut oleskelutilat sek\u00e4 viihtyis\u00e4n saunaosaston takkoineen ja poreammeineen. M\u00f6kki on rakennettu 2005 ja sit\u00e4 on uudistettu vastaamaan t\u00e4m\u00e4n p\u00e4iv\u00e4n tarpeita sek\u00e4 trendej\u00e4.<\/strong><\/p>\n\n\n\n<p>Voit majoittautua viihtyis\u00e4sti huvilan seitsem\u00e4\u00e4n 2-3 hengen makuuhuoneeseen, joista osassa on omat WC-\/suihkutilat. &nbsp;M\u00f6kille on helppo tilata tarvittaessa ruokapalvelut alueen catering yrityksilt\u00e4, jolloin k\u00e4yt\u00f6ss\u00e4si on hotellitasoiset palvelut.<\/p>\n<\/div><\/div>\n\n\n<div class=\"wp-block-image\">\n<figure class=\"aligncenter size-full\"><img loading=\"lazy\" decoding=\"async\" width=\"2000\" height=\"1500\" src=\"https:\/\/villatiitus.fi\/wp-content\/uploads\/2024\/09\/kuvaukset08_23-39.jpg\" alt=\"\" class=\"wp-image-157\"\/><\/figure><\/div>\n\n\n<p><strong>Tervetuloa nauttimaan tunturimaisemasta Rukaj\u00e4rven syleilyss\u00e4.<\/strong><\/p>\n\n\n\n<p><strong><em>Tiituksen is\u00e4nt\u00e4v\u00e4ki<\/em><\/strong><\/p>\n","protected":false},"excerpt":{"rendered":"<p>Villa-Tiitus sijaitsee kauniilla paikalla Rukaj\u00e4rven rannalla. Saunanlauteilta voit ihailla Ruka tunturin silhuettia eli Rukan palvelut ovat l\u00e4hell\u00e4si. Huvila tarjoaa k\u00e4ytt\u00f6\u00f6si upean kokonaisuuden kokoustamiseen, rentoutumiseen ja majoittumiseen. \u00a0Hirsisein\u00e4t k\u00e4tkev\u00e4t sis\u00e4\u00e4ns\u00e4 v\u00e4lj\u00e4sti sisustetut oleskelutilat sek\u00e4 viihtyis\u00e4n saunaosaston takkoineen ja poreammeineen. M\u00f6kki on rakennettu 2005 ja sit\u00e4 on uudistettu vastaamaan t\u00e4m\u00e4n p\u00e4iv\u00e4n tarpeita sek\u00e4 trendej\u00e4. Voit majoittautua viihtyis\u00e4sti &hellip; <\/p>\n<p class=\"link-more\"><a href=\"https:\/\/villatiitus.fi\/\" class=\"more-link\">Jatka lukemista<span class=\"screen-reader-text\"> &#8221;Villa Tiitus \u2013 Tunnelmaa ja v\u00e4lj\u00e4\u00e4 oleskelua Rukaj\u00e4rven syleilyss\u00e4&#8221;<\/span><\/a><\/p>\n","protected":false},"author":1,"featured_media":0,"parent":0,"menu_order":0,"comment_status":"closed","ping_status":"closed","template":"","meta":{"footnotes":""},"class_list":["post-26","page","type-page","status-publish","hentry"],"_links":{"self":[{"href":"https:\/\/villatiitus.fi\/index.php?rest_route=\/wp\/v2\/pages\/26"}],"collection":[{"href":"https:\/\/villatiitus.fi\/index.php?rest_route=\/wp\/v2\/pages"}],"about":[{"href":"https:\/\/villatiitus.fi\/index.php?rest_route=\/wp\/v2\/types\/page"}],"author":[{"embeddable":true,"href":"https:\/\/villatiitus.fi\/index.php?rest_route=\/wp\/v2\/users\/1"}],"replies":[{"embeddable":true,"href":"https:\/\/villatiitus.fi\/index.php?rest_route=%2Fwp%2Fv2%2Fcomments&post=26"}],"version-history":[{"count":13,"href":"https:\/\/villatiitus.fi\/index.php?rest_route=\/wp\/v2\/pages\/26\/revisions"}],"predecessor-version":[{"id":278,"href":"https:\/\/villatiitus.fi\/index.php?rest_route=\/wp\/v2\/pages\/26\/revisions\/278"}],"wp:attachment":[{"href":"https:\/\/villatiitus.fi\/index.php?rest_route=%2Fwp%2Fv2%2Fmedia&parent=26"}],"curies":[{"name":"wp","href":"https:\/\/api.w.org\/{rel}","templated":true}]}}