{"id":27,"date":"2024-09-07T12:09:48","date_gmt":"2024-09-07T12:09:48","guid":{"rendered":"https:\/\/villatiitus.fi\/?page_id=27"},"modified":"2024-11-05T16:11:23","modified_gmt":"2024-11-05T16:11:23","slug":"tietoja","status":"publish","type":"page","link":"https:\/\/villatiitus.fi\/?page_id=27","title":{"rendered":"Tilat"},"content":{"rendered":"\n<h2 class=\"wp-block-heading has-text-align-left\"><strong>M\u00f6kill\u00e4 voit nauttia v\u00e4lj\u00e4st\u00e4 oleskelusta kolmessa kerroksessa<\/strong><\/h2>\n\n\n\n<p class=\"has-text-align-left\">VillaTiituksessa k\u00e4yt\u00f6ss\u00e4si on reilut kolmesataa neli\u00f6t\u00e4 asumismukavuutta kolmessa eri kerroksessa. Huvilan suunnittelussa on huomioitu tilojen toimivuus, mik\u00e4 takaa v\u00e4lj\u00e4n oleskelun isommallekin porukalle. Yl\u00e4kerran aulatilojen lis\u00e4vuoteet mahdollistavat tarvittaessa my\u00f6s muutaman henkil\u00f6n majoittamisen.<\/p>\n\n\n\n<p>Hotellitasoisesta huvilasta l\u00f6yd\u00e4t tarvittavat kokousvarusteet sek\u00e4 tietoliikenneyhteyden. Keitti\u00f6n monipuolinen ja laadukas astiavarustus sek\u00e4 laadukkaat keitti\u00f6koneet lis\u00e4\u00e4v\u00e4t vieraittesi viihtyvyytt\u00e4.&nbsp; Kodinhoito- ja kuivatustiloissa huollat harrastusv\u00e4lineet vaivattomasti kuntoon seuraavan p\u00e4iv\u00e4n aktiviteetteja varten.&nbsp;<\/p>\n\n\n\n<p>P\u00e4iv\u00e4n p\u00e4\u00e4tteeksi on aika nauttia saunaosaston rennosta tunnelmasta. Sytyt\u00e4 takka, t\u00e4yt\u00e4 poreamme ja rentoudu p\u00e4iv\u00e4n p\u00e4\u00e4tteeksi vieraidesi kanssa Villa Tiituksen tilavassa saunassa.&nbsp; &nbsp;Saunoa voi vaikka isommallakin porukalla ja vilvoittelemaan p\u00e4\u00e4see k\u00e4tev\u00e4sti &nbsp;lasiterassille, jossa voi nauttia upeasta tunturi- ja j\u00e4rvimaisemasta takkatulen loimussa. &nbsp;<\/p>\n\n\n\n<p class=\"has-text-align-left\">Ja ilta jatkukoon hyv\u00e4ss\u00e4 seurassa rentoutuen huvilalla tai vaikkapa Rukan sykkeess\u00e4, jonne taksi kuljettaa teid\u00e4t vaivattomasti.<\/p>\n\n\n\n<hr class=\"wp-block-separator has-alpha-channel-opacity is-style-wide\"\/>\n\n\n\n<h2 class=\"wp-block-heading\"><strong>1 Kerros<\/strong><\/h2>\n\n\n\n<p><strong>Olohuone<\/strong>, jossa mittavasti istuintilaa sek\u00e4 takka<\/p>\n\n\n\n<p><strong>Kokous- ja ruokatila<\/strong> majoittujille ison p\u00f6yd\u00e4n \u00e4\u00e4ress\u00e4 &#8211; jatkettava<\/p>\n\n\n\n<p><strong>Hyvin varusteltu keitti\u00f6<\/strong>, jossa kattava ja laadukas astiasto, modernit keitti\u00f6koneet sek\u00e4 nopea laitostiskikone<\/p>\n\n\n<div class=\"wp-block-image\">\n<figure class=\"aligncenter size-full\"><img loading=\"lazy\" decoding=\"async\" width=\"2000\" height=\"1500\" src=\"https:\/\/villatiitus.fi\/wp-content\/uploads\/2024\/09\/kuvaukset08_23-23.jpg\" alt=\"\" class=\"wp-image-141\"\/><\/figure><\/div>\n\n\n<p><strong>Erillinen Baaritila<\/strong>, jossa viinikaappi, j\u00e4\u00e4kaappi sek\u00e4 pakastin<\/p>\n\n\n\n<p><strong>Erillinen WC<\/strong><\/p>\n\n\n\n<p><strong>Makuuhuoneet<\/strong>: 3kpl 2hh makuuhuonetta, jokaisessa omat WC-\/suihkutilat. Yksi makuuhuoneista on varattu is\u00e4nt\u00e4v\u00e4elle, k\u00e4yt\u00f6st\u00e4 sovitaan erikseen<\/p>\n\n\n\n<div class=\"wp-block-file aligncenter\"><a id=\"wp-block-file--media-e92d638c-da00-4b57-a219-c62444fa496d\" href=\"https:\/\/villatiitus.fi\/wp-content\/uploads\/2024\/11\/VillaTiitus_kartta.pdf\" target=\"_blank\" rel=\"noreferrer noopener\">VillaTiitus_kartta<\/a><\/div>\n\n\n\n<hr class=\"wp-block-separator has-alpha-channel-opacity is-style-wide\"\/>\n\n\n\n<h2 class=\"wp-block-heading\"><strong>2 Kerros<\/strong><\/h2>\n\n\n\n<p><strong>Olohuoneryhm\u00e4<\/strong> oleskeluun<\/p>\n\n\n\n<p><strong>2kpl 2hh makuuhuonetta<\/strong><\/p>\n\n\n\n<p><strong>2kpl 3hh makuuhuonetta<\/strong><\/p>\n\n\n<div class=\"wp-block-image\">\n<figure class=\"aligncenter size-full\"><img loading=\"lazy\" decoding=\"async\" width=\"2000\" height=\"1500\" src=\"https:\/\/villatiitus.fi\/wp-content\/uploads\/2024\/09\/kuvaukset08_23-31.jpg\" alt=\"\" class=\"wp-image-149\"\/><\/figure><\/div>\n\n\n<p><strong>WC- ja suihkutilat<\/strong><\/p>\n\n\n\n<p><strong>Aulassa<\/strong> lis\u00e4vuoteita<\/p>\n\n\n\n<p><strong>Majoituskapasiteetti<\/strong> 10-14 henkil\u00f6\u00e4<\/p>\n\n\n\n<div class=\"wp-block-file aligncenter\"><a id=\"wp-block-file--media-d995b91d-81f0-4f82-a7a1-c82a95cb74d5\" href=\"https:\/\/villatiitus.fi\/wp-content\/uploads\/2024\/11\/VillaTiitus_kartta.pdf\" target=\"_blank\" rel=\"noreferrer noopener\">VillaTiitus_kartta<\/a><\/div>\n\n\n\n<hr class=\"wp-block-separator has-alpha-channel-opacity is-style-wide\"\/>\n\n\n\n<h2 class=\"wp-block-heading\"><strong>Kellarikerros<\/strong><\/h2>\n\n\n\n<p><strong>Laadukas saunaosasto<\/strong> erillisell\u00e4 pukuhuoneella<\/p>\n\n\n<div class=\"wp-block-image\">\n<figure class=\"aligncenter size-full\"><img loading=\"lazy\" decoding=\"async\" width=\"2000\" height=\"1500\" src=\"https:\/\/villatiitus.fi\/wp-content\/uploads\/2024\/09\/kuvaukset08_23-43.jpg\" alt=\"\" class=\"wp-image-161\"\/><\/figure><\/div>\n\n\n<p><strong>Poreallas<\/strong><\/p>\n\n\n\n<p><strong>Takkahuone<\/strong>, josta ulosk\u00e4ynti lasiterassille &#8211; lasiterassilla my\u00f6s takka<\/p>\n\n\n\n<p><strong>Kodinhoitohuone<\/strong>, jossa pesukone, kuivausrumpu sek\u00e4 kuivauskaappi<\/p>\n\n\n\n<div class=\"wp-block-file aligncenter\"><a id=\"wp-block-file--media-b8994dbb-b82f-4171-b69a-2397aed582ee\" href=\"https:\/\/villatiitus.fi\/wp-content\/uploads\/2024\/11\/VillaTiitus_kartta.pdf\" target=\"_blank\" rel=\"noreferrer noopener\">VillaTiitus_kartta<\/a><\/div>\n\n\n\n<figure class=\"wp-block-image size-large\"><img loading=\"lazy\" decoding=\"async\" width=\"1024\" height=\"829\" src=\"https:\/\/villatiitus.fi\/wp-content\/uploads\/2024\/10\/VillaTiitus_kerros1-1024x829.jpg\" alt=\"\" class=\"wp-image-235\" srcset=\"https:\/\/villatiitus.fi\/wp-content\/uploads\/2024\/10\/VillaTiitus_kerros1-1024x829.jpg 1024w, https:\/\/villatiitus.fi\/wp-content\/uploads\/2024\/10\/VillaTiitus_kerros1-300x243.jpg 300w, https:\/\/villatiitus.fi\/wp-content\/uploads\/2024\/10\/VillaTiitus_kerros1-768x622.jpg 768w, https:\/\/villatiitus.fi\/wp-content\/uploads\/2024\/10\/VillaTiitus_kerros1-1536x1244.jpg 1536w, https:\/\/villatiitus.fi\/wp-content\/uploads\/2024\/10\/VillaTiitus_kerros1.jpg 1784w\" sizes=\"(max-width: 767px) 89vw, (max-width: 1000px) 54vw, (max-width: 1071px) 543px, 580px\" \/><\/figure>\n\n\n\n<figure class=\"wp-block-image size-large\"><img loading=\"lazy\" decoding=\"async\" width=\"1024\" height=\"754\" src=\"https:\/\/villatiitus.fi\/wp-content\/uploads\/2024\/11\/VillaTiitus_kerros2_uusi-1024x754.jpg\" alt=\"\" class=\"wp-image-292\" srcset=\"https:\/\/villatiitus.fi\/wp-content\/uploads\/2024\/11\/VillaTiitus_kerros2_uusi-1024x754.jpg 1024w, https:\/\/villatiitus.fi\/wp-content\/uploads\/2024\/11\/VillaTiitus_kerros2_uusi-300x221.jpg 300w, https:\/\/villatiitus.fi\/wp-content\/uploads\/2024\/11\/VillaTiitus_kerros2_uusi-768x566.jpg 768w, https:\/\/villatiitus.fi\/wp-content\/uploads\/2024\/11\/VillaTiitus_kerros2_uusi-1536x1131.jpg 1536w, https:\/\/villatiitus.fi\/wp-content\/uploads\/2024\/11\/VillaTiitus_kerros2_uusi.jpg 1803w\" sizes=\"(max-width: 767px) 89vw, (max-width: 1000px) 54vw, (max-width: 1071px) 543px, 580px\" \/><\/figure>\n\n\n\n<figure class=\"wp-block-image size-large\"><img loading=\"lazy\" decoding=\"async\" width=\"1024\" height=\"796\" src=\"https:\/\/villatiitus.fi\/wp-content\/uploads\/2024\/10\/VillaTiitus_kellarikerros-1024x796.jpg\" alt=\"\" class=\"wp-image-237\" srcset=\"https:\/\/villatiitus.fi\/wp-content\/uploads\/2024\/10\/VillaTiitus_kellarikerros-1024x796.jpg 1024w, https:\/\/villatiitus.fi\/wp-content\/uploads\/2024\/10\/VillaTiitus_kellarikerros-300x233.jpg 300w, https:\/\/villatiitus.fi\/wp-content\/uploads\/2024\/10\/VillaTiitus_kellarikerros-768x597.jpg 768w, https:\/\/villatiitus.fi\/wp-content\/uploads\/2024\/10\/VillaTiitus_kellarikerros-1536x1194.jpg 1536w, https:\/\/villatiitus.fi\/wp-content\/uploads\/2024\/10\/VillaTiitus_kellarikerros.jpg 1814w\" sizes=\"(max-width: 767px) 89vw, (max-width: 1000px) 54vw, (max-width: 1071px) 543px, 580px\" \/><\/figure>\n","protected":false},"excerpt":{"rendered":"<p>M\u00f6kill\u00e4 voit nauttia v\u00e4lj\u00e4st\u00e4 oleskelusta kolmessa kerroksessa VillaTiituksessa k\u00e4yt\u00f6ss\u00e4si on reilut kolmesataa neli\u00f6t\u00e4 asumismukavuutta kolmessa eri kerroksessa. Huvilan suunnittelussa on huomioitu tilojen toimivuus, mik\u00e4 takaa v\u00e4lj\u00e4n oleskelun isommallekin porukalle. Yl\u00e4kerran aulatilojen lis\u00e4vuoteet mahdollistavat tarvittaessa my\u00f6s muutaman henkil\u00f6n majoittamisen. Hotellitasoisesta huvilasta l\u00f6yd\u00e4t tarvittavat kokousvarusteet sek\u00e4 tietoliikenneyhteyden. Keitti\u00f6n monipuolinen ja laadukas astiavarustus sek\u00e4 laadukkaat keitti\u00f6koneet lis\u00e4\u00e4v\u00e4t vieraittesi &hellip; <\/p>\n<p class=\"link-more\"><a href=\"https:\/\/villatiitus.fi\/?page_id=27\" class=\"more-link\">Jatka lukemista<span class=\"screen-reader-text\"> &#8221;Tilat&#8221;<\/span><\/a><\/p>\n","protected":false},"author":1,"featured_media":154,"parent":0,"menu_order":0,"comment_status":"closed","ping_status":"closed","template":"","meta":{"footnotes":""},"class_list":["post-27","page","type-page","status-publish","has-post-thumbnail","hentry"],"_links":{"self":[{"href":"https:\/\/villatiitus.fi\/index.php?rest_route=\/wp\/v2\/pages\/27"}],"collection":[{"href":"https:\/\/villatiitus.fi\/index.php?rest_route=\/wp\/v2\/pages"}],"about":[{"href":"https:\/\/villatiitus.fi\/index.php?rest_route=\/wp\/v2\/types\/page"}],"author":[{"embeddable":true,"href":"https:\/\/villatiitus.fi\/index.php?rest_route=\/wp\/v2\/users\/1"}],"replies":[{"embeddable":true,"href":"https:\/\/villatiitus.fi\/index.php?rest_route=%2Fwp%2Fv2%2Fcomments&post=27"}],"version-history":[{"count":19,"href":"https:\/\/villatiitus.fi\/index.php?rest_route=\/wp\/v2\/pages\/27\/revisions"}],"predecessor-version":[{"id":293,"href":"https:\/\/villatiitus.fi\/index.php?rest_route=\/wp\/v2\/pages\/27\/revisions\/293"}],"wp:featuredmedia":[{"embeddable":true,"href":"https:\/\/villatiitus.fi\/index.php?rest_route=\/wp\/v2\/media\/154"}],"wp:attachment":[{"href":"https:\/\/villatiitus.fi\/index.php?rest_route=%2Fwp%2Fv2%2Fmedia&parent=27"}],"curies":[{"name":"wp","href":"https:\/\/api.w.org\/{rel}","templated":true}]}}