{"id":28,"date":"2024-09-07T12:09:49","date_gmt":"2024-09-07T12:09:49","guid":{"rendered":"https:\/\/villatiitus.fi\/?page_id=28"},"modified":"2025-08-18T06:00:11","modified_gmt":"2025-08-18T06:00:11","slug":"ota-yhteytta","status":"publish","type":"page","link":"https:\/\/villatiitus.fi\/?page_id=28","title":{"rendered":"Ota yhteytt\u00e4"},"content":{"rendered":"\n<p>Johanna Koskelainen <br>+358 400 582 593<br>johanna.koskelainen@outlook.com<\/p>\n\n\n\n<p>Villa Tiitus<br>Naatikkaniementie 13<br>93830 Rukatunturi<\/p>\n\n\n\n<figure class=\"wp-block-image size-full\"><img loading=\"lazy\" decoding=\"async\" width=\"1240\" height=\"1754\" src=\"https:\/\/villatiitus.fi\/wp-content\/uploads\/2024\/11\/VillaTiitus_kartta.jpg\" alt=\"\" class=\"wp-image-287\" srcset=\"https:\/\/villatiitus.fi\/wp-content\/uploads\/2024\/11\/VillaTiitus_kartta.jpg 1240w, https:\/\/villatiitus.fi\/wp-content\/uploads\/2024\/11\/VillaTiitus_kartta-212x300.jpg 212w, https:\/\/villatiitus.fi\/wp-content\/uploads\/2024\/11\/VillaTiitus_kartta-724x1024.jpg 724w, https:\/\/villatiitus.fi\/wp-content\/uploads\/2024\/11\/VillaTiitus_kartta-768x1086.jpg 768w, https:\/\/villatiitus.fi\/wp-content\/uploads\/2024\/11\/VillaTiitus_kartta-1086x1536.jpg 1086w\" sizes=\"(max-width: 767px) 89vw, (max-width: 1000px) 54vw, (max-width: 1071px) 543px, 580px\" \/><\/figure>\n\n\n\n<div class=\"wp-block-file aligncenter\"><a id=\"wp-block-file--media-84d29a31-12b7-43e3-96c4-6c68477d043d\" href=\"https:\/\/villatiitus.fi\/wp-content\/uploads\/2024\/11\/VillaTiitus_kartta.pdf\" target=\"_blank\" rel=\"noreferrer noopener\">VillaTiitus_kartta<\/a><a href=\"https:\/\/villatiitus.fi\/wp-content\/uploads\/2024\/11\/VillaTiitus_kartta.pdf\" class=\"wp-block-file__button wp-element-button\" download aria-describedby=\"wp-block-file--media-84d29a31-12b7-43e3-96c4-6c68477d043d\">Lataa<\/a><\/div>\n\n\n\n<hr class=\"wp-block-separator has-alpha-channel-opacity is-style-wide\"\/>\n\n\n<style id=\"wpforms-css-vars-295-block-aac35af6-b3dc-46b3-8e01-6f7e425a54a7\">\n\t\t\t\t#wpforms-295.wpforms-block-aac35af6-b3dc-46b3-8e01-6f7e425a54a7 {\n\t\t\t\t--wpforms-field-border-color: #000000;\n--wpforms-field-border-color-spare: #000000;\n--wpforms-button-background-color: #00d084;\n--wpforms-field-size-input-height: 43px;\n--wpforms-field-size-input-spacing: 15px;\n--wpforms-field-size-font-size: 16px;\n--wpforms-field-size-line-height: 19px;\n--wpforms-field-size-padding-h: 14px;\n--wpforms-field-size-checkbox-size: 16px;\n--wpforms-field-size-sublabel-spacing: 5px;\n--wpforms-field-size-icon-size: 1;\n--wpforms-label-size-font-size: 16px;\n--wpforms-label-size-line-height: 19px;\n--wpforms-label-size-sublabel-font-size: 14px;\n--wpforms-label-size-sublabel-line-height: 17px;\n--wpforms-button-size-font-size: 17px;\n--wpforms-button-size-height: 41px;\n--wpforms-button-size-padding-h: 15px;\n--wpforms-button-size-margin-top: 10px;\n\t\t\t}\n\t\t\t<\/style><div class=\"wpforms-container wpforms-container-full wpforms-block wpforms-block-aac35af6-b3dc-46b3-8e01-6f7e425a54a7 wpforms-render-modern\" id=\"wpforms-295\"><form id=\"wpforms-form-295\" class=\"wpforms-validate wpforms-form wpforms-ajax-form\" data-formid=\"295\" method=\"post\" enctype=\"multipart\/form-data\" action=\"\/index.php?rest_route=%2Fwp%2Fv2%2Fpages%2F28\" data-token=\"1de6a0b1a14b9a354aef110421c83807\" data-token-time=\"1776533325\"><div class=\"wpforms-head-container\"><div class=\"wpforms-title\">Ota Yhteytt\u00e4<\/div><\/div><noscript class=\"wpforms-error-noscript\">Please enable JavaScript in your browser to complete this form.<\/noscript><div id=\"wpforms-error-noscript\" style=\"display: none;\">Please enable JavaScript in your browser to complete this form.<\/div><div class=\"wpforms-field-container\"><div id=\"wpforms-295-field_1-container\" class=\"wpforms-field wpforms-field-name\" data-field-id=\"1\"><label class=\"wpforms-field-label\" for=\"wpforms-295-field_1\">Nimi (Valinnainen)<\/label><input type=\"text\" id=\"wpforms-295-field_1\" class=\"wpforms-field-medium\" name=\"wpforms[fields][1]\" aria-errormessage=\"wpforms-295-field_1-error\" ><\/div><div id=\"wpforms-295-field_2-container\" class=\"wpforms-field wpforms-field-email\" data-field-id=\"2\"><label class=\"wpforms-field-label\" for=\"wpforms-295-field_2\">S\u00e4hk\u00f6posti <span class=\"wpforms-required-label\" aria-hidden=\"true\">*<\/span><\/label><input type=\"email\" id=\"wpforms-295-field_2\" class=\"wpforms-field-medium wpforms-field-required\" name=\"wpforms[fields][2]\" spellcheck=\"false\" aria-errormessage=\"wpforms-295-field_2-error\" required><\/div>\t\t<div id=\"wpforms-295-field_4-container\"\n\t\t\tclass=\"wpforms-field wpforms-field-text\"\n\t\t\tdata-field-type=\"text\"\n\t\t\tdata-field-id=\"4\"\n\t\t\t>\n\t\t\t<label class=\"wpforms-field-label\" for=\"wpforms-295-field_4\" >S\u00e4hk\u00f6posti Nimi Viesti<\/label>\n\t\t\t<input type=\"text\" id=\"wpforms-295-field_4\" class=\"wpforms-field-medium\" name=\"wpforms[fields][4]\" >\n\t\t<\/div>\n\t\t<div id=\"wpforms-295-field_3-container\" class=\"wpforms-field wpforms-field-textarea\" data-field-id=\"3\"><label class=\"wpforms-field-label\" for=\"wpforms-295-field_3\">Viesti<\/label><textarea id=\"wpforms-295-field_3\" class=\"wpforms-field-medium\" name=\"wpforms[fields][3]\" aria-errormessage=\"wpforms-295-field_3-error\" ><\/textarea><\/div><script>\n\t\t\t\t( function() {\n\t\t\t\t\tconst style = document.createElement( 'style' );\n\t\t\t\t\tstyle.appendChild( document.createTextNode( '#wpforms-295-field_4-container { position: absolute !important; overflow: hidden !important; display: inline !important; height: 1px !important; width: 1px !important; z-index: -1000 !important; padding: 0 !important; } #wpforms-295-field_4-container input { visibility: hidden; } #wpforms-conversational-form-page #wpforms-295-field_4-container label { counter-increment: none; }' ) );\n\t\t\t\t\tdocument.head.appendChild( style );\n\t\t\t\t\tdocument.currentScript?.remove();\n\t\t\t\t} )();\n\t\t\t<\/script><\/div><!-- .wpforms-field-container --><div class=\"wpforms-recaptcha-container wpforms-is-recaptcha wpforms-is-recaptcha-type-v2\" ><div class=\"g-recaptcha\" data-sitekey=\"6LfPMoUqAAAAAJ7gJAY86tzNn3eHBm5cUbNuoDpN\"><\/div><input type=\"text\" name=\"g-recaptcha-hidden\" class=\"wpforms-recaptcha-hidden\" style=\"position:absolute!important;clip:rect(0,0,0,0)!important;height:1px!important;width:1px!important;border:0!important;overflow:hidden!important;padding:0!important;margin:0!important;\" data-rule-recaptcha=\"1\"><\/div><div class=\"wpforms-submit-container\" ><input type=\"hidden\" name=\"wpforms[id]\" value=\"295\"><input type=\"hidden\" name=\"page_title\" value=\"\"><input type=\"hidden\" name=\"page_url\" value=\"https:\/\/villatiitus.fi\/index.php?rest_route=\/wp\/v2\/pages\/28\"><input type=\"hidden\" name=\"url_referer\" value=\"\"><button type=\"submit\" name=\"wpforms[submit]\" id=\"wpforms-submit-295\" class=\"wpforms-submit\" data-alt-text=\"L\u00e4hett\u00e4\u00e4...\" data-submit-text=\"L\u00e4het\u00e4\" aria-live=\"assertive\" value=\"wpforms-submit\">L\u00e4het\u00e4<\/button><img loading=\"lazy\" decoding=\"async\" src=\"https:\/\/villatiitus.fi\/wp-content\/plugins\/wpforms-lite\/assets\/images\/submit-spin.svg\" class=\"wpforms-submit-spinner\" style=\"display: none;\" width=\"26\" height=\"26\" alt=\"Loading\"><\/div><\/form><\/div>  <!-- .wpforms-container -->\n\n\n<hr class=\"wp-block-separator has-alpha-channel-opacity is-style-wide\"\/>\n","protected":false},"excerpt":{"rendered":"<p>Johanna Koskelainen +358 400 582 593johanna.koskelainen@outlook.com Villa TiitusNaatikkaniementie 1393830 Rukatunturi<\/p>\n","protected":false},"author":1,"featured_media":132,"parent":0,"menu_order":0,"comment_status":"closed","ping_status":"closed","template":"","meta":{"footnotes":""},"class_list":["post-28","page","type-page","status-publish","has-post-thumbnail","hentry"],"_links":{"self":[{"href":"https:\/\/villatiitus.fi\/index.php?rest_route=\/wp\/v2\/pages\/28"}],"collection":[{"href":"https:\/\/villatiitus.fi\/index.php?rest_route=\/wp\/v2\/pages"}],"about":[{"href":"https:\/\/villatiitus.fi\/index.php?rest_route=\/wp\/v2\/types\/page"}],"author":[{"embeddable":true,"href":"https:\/\/villatiitus.fi\/index.php?rest_route=\/wp\/v2\/users\/1"}],"replies":[{"embeddable":true,"href":"https:\/\/villatiitus.fi\/index.php?rest_route=%2Fwp%2Fv2%2Fcomments&post=28"}],"version-history":[{"count":15,"href":"https:\/\/villatiitus.fi\/index.php?rest_route=\/wp\/v2\/pages\/28\/revisions"}],"predecessor-version":[{"id":329,"href":"https:\/\/villatiitus.fi\/index.php?rest_route=\/wp\/v2\/pages\/28\/revisions\/329"}],"wp:featuredmedia":[{"embeddable":true,"href":"https:\/\/villatiitus.fi\/index.php?rest_route=\/wp\/v2\/media\/132"}],"wp:attachment":[{"href":"https:\/\/villatiitus.fi\/index.php?rest_route=%2Fwp%2Fv2%2Fmedia&parent=28"}],"curies":[{"name":"wp","href":"https:\/\/api.w.org\/{rel}","templated":true}]}}