{"id":307,"date":"2024-11-05T18:39:57","date_gmt":"2024-11-05T18:39:57","guid":{"rendered":"https:\/\/villatiitus.fi\/?page_id=307"},"modified":"2024-11-05T19:27:04","modified_gmt":"2024-11-05T19:27:04","slug":"tietosuojaseloste","status":"publish","type":"page","link":"https:\/\/villatiitus.fi\/?page_id=307","title":{"rendered":"Tietosuojaseloste"},"content":{"rendered":"\n<h3 class=\"wp-block-heading\">Tietosuojaseloste<\/h3>\n\n\n\n<p><strong>P\u00e4ivitetty: 5.11.2024<\/strong><\/p>\n\n\n\n<p>T\u00e4m\u00e4 tietosuojaseloste kuvaa, kuinka henkil\u00f6tietojasi ker\u00e4t\u00e4\u00e4n, k\u00e4ytet\u00e4\u00e4n ja suojataan, kun k\u00e4yt\u00e4t yhteydenottolomakettamme.<\/p>\n\n\n\n<h4 class=\"wp-block-heading\">1. Rekisterinpit\u00e4j\u00e4<\/h4>\n\n\n\n<p>Rekisterinpit\u00e4j\u00e4: Johanna Koskelainen<br>Yhteystiedot: johanna.koskelainen@outlook.com<\/p>\n\n\n\n<h4 class=\"wp-block-heading\">2. Ker\u00e4tt\u00e4v\u00e4t tiedot<\/h4>\n\n\n\n<p>Yhteydenottolomakkeella ker\u00e4\u00e4mme seuraavat henkil\u00f6tiedot:<\/p>\n\n\n\n<ul class=\"wp-block-list\">\n<li><strong>Nimi<\/strong> \u2013 jotta voimme tunnistaa sinut ja k\u00e4sitell\u00e4 viestisi oikein.<\/li>\n\n\n\n<li><strong>S\u00e4hk\u00f6postiosoite<\/strong> \u2013 jotta voimme vastata yhteydenottoosi.<\/li>\n<\/ul>\n\n\n\n<p>Lis\u00e4ksi k\u00e4yt\u00e4mme yhteydenottolomakkeen suojauksessa <strong>Googlen reCAPTCHA-palvelua<\/strong>. reCAPTCHA-palvelu est\u00e4\u00e4 automatisoitua v\u00e4\u00e4rink\u00e4ytt\u00f6\u00e4 ja roskapostia, ja sen k\u00e4ytt\u00f6 voi tarkoittaa, ett\u00e4 Google ker\u00e4\u00e4 joitakin tietoja k\u00e4ytt\u00e4jist\u00e4, kuten IP-osoitteen. Googlen tietosuojak\u00e4yt\u00e4nn\u00f6ist\u00e4 voit lukea lis\u00e4\u00e4 <a href=\"https:\/\/policies.google.com\/privacy?hl=fi\">t\u00e4st\u00e4 linkist\u00e4<\/a>.<\/p>\n\n\n\n<p>K\u00e4ytett\u00e4vien ev\u00e4steiden ja vastaavien tekniikoiden (seurantapikselit, j\u00e4ljitteet jne.) ja niihin liittyvien suostumusten hallintaan k\u00e4yt\u00e4mme suostumusty\u00f6kalua &#8221;Real Cookie Banner&#8221;. Yksityiskohtaiset tiedot &#8221;Real Cookie Banner&#8221; -ty\u00f6kalun toiminnasta l\u00f6ytyv\u00e4t osoitteesta <a href=\"https:\/\/devowl.io\/rcb\/data-processing\/\" rel=\"noreferrer noopener\" target=\"_blank\">https:\/\/devowl.io\/rcb\/data-processing\/<\/a>.<\/p>\n\n\n\n<p>Henkil\u00f6tietojen k\u00e4sittelyn oikeusperustana t\u00e4ss\u00e4 yhteydess\u00e4 ovat Art. 6 (1) c) GDPR ja Art. 6 (1) (f) GDPR. Oikeutettu etumme on k\u00e4ytettyjen ev\u00e4steiden ja vastaavien teknologioiden hallinta ja niihin liittyv\u00e4t suostumukset.<\/p>\n\n\n\n<p>Henkil\u00f6tietojen toimittaminen ei ole sopimusperusteista eik\u00e4 v\u00e4ltt\u00e4m\u00e4t\u00f6nt\u00e4 sopimuksen tekemist\u00e4 varten. Sinulla ei ole velvollisuutta antaa henkil\u00f6tietoja. Jos et anna henkil\u00f6tietoja, emme voi hallinnoida suostumuksiasi.<\/p>\n\n\n\n<h4 class=\"wp-block-heading\">3. Tietojen k\u00e4ytt\u00f6tarkoitus<\/h4>\n\n\n\n<p>Ker\u00e4\u00e4mme ja k\u00e4yt\u00e4mme henkil\u00f6tietoja seuraaviin tarkoituksiin:<\/p>\n\n\n\n<ul class=\"wp-block-list\">\n<li><strong>Yhteydenotto<\/strong> \u2013 vastataksemme kysymyksiisi ja mahdollisiin vuokraustiedusteluihin.<\/li>\n\n\n\n<li><strong>Tietoturva<\/strong> \u2013 varmistaaksemme yhteydenottolomakkeen turvallisuuden Googlen reCAPTCHA-palvelulla.<\/li>\n<\/ul>\n\n\n\n<h4 class=\"wp-block-heading\">4. Tietojen s\u00e4ilytysaika<\/h4>\n\n\n\n<p>S\u00e4ilyt\u00e4mme henkil\u00f6tietojasi vain niin kauan kuin on tarpeellista yhteydenpitoa ja m\u00f6kin vuokrauksen k\u00e4sittely\u00e4 varten. Kun tietojen s\u00e4ilytys ei ole en\u00e4\u00e4 tarpeellista, ne poistetaan turvallisesti.<\/p>\n\n\n\n<h4 class=\"wp-block-heading\">5. Henkil\u00f6tietojen suojaus<\/h4>\n\n\n\n<p>Henkil\u00f6tietosi s\u00e4ilytet\u00e4\u00e4n turvallisesti, eik\u00e4 niit\u00e4 jaeta kolmansille osapuolille ilman suostumustasi, ellei lains\u00e4\u00e4d\u00e4nt\u00f6 niin edellyt\u00e4.<\/p>\n\n\n\n<h4 class=\"wp-block-heading\">6. K\u00e4ytt\u00e4j\u00e4n oikeudet<\/h4>\n\n\n\n<p>Sinulla on oikeus:<\/p>\n\n\n\n<ul class=\"wp-block-list\">\n<li><strong>Saada p\u00e4\u00e4sy tietoihisi<\/strong> \u2013 voit pyyt\u00e4\u00e4 kopion henkil\u00f6tiedoistasi.<\/li>\n\n\n\n<li><strong>Oikaista tietoja<\/strong> \u2013 voit pyyt\u00e4\u00e4 oikaisua virheellisiin tietoihin.<\/li>\n\n\n\n<li><strong>Poistaa tiedot<\/strong> \u2013 voit pyyt\u00e4\u00e4 henkil\u00f6tietojesi poistamista.<\/li>\n\n\n\n<li><strong>Rajoittaa k\u00e4sittely\u00e4<\/strong> \u2013 voit pyyt\u00e4\u00e4 tietojesi k\u00e4yt\u00f6n rajoittamista.<\/li>\n<\/ul>\n\n\n\n<p>Ota yhteytt\u00e4 kohdassa 1 annettuihin yhteystietoihin, jos haluat k\u00e4ytt\u00e4\u00e4 oikeuksiasi tai sinulla on kysymyksi\u00e4 tietosuojaselosteesta.<\/p>\n","protected":false},"excerpt":{"rendered":"<p>Tietosuojaseloste P\u00e4ivitetty: 5.11.2024 T\u00e4m\u00e4 tietosuojaseloste kuvaa, kuinka henkil\u00f6tietojasi ker\u00e4t\u00e4\u00e4n, k\u00e4ytet\u00e4\u00e4n ja suojataan, kun k\u00e4yt\u00e4t yhteydenottolomakettamme. 1. Rekisterinpit\u00e4j\u00e4 Rekisterinpit\u00e4j\u00e4: Johanna KoskelainenYhteystiedot: johanna.koskelainen@outlook.com 2. Ker\u00e4tt\u00e4v\u00e4t tiedot Yhteydenottolomakkeella ker\u00e4\u00e4mme seuraavat henkil\u00f6tiedot: Lis\u00e4ksi k\u00e4yt\u00e4mme yhteydenottolomakkeen suojauksessa Googlen reCAPTCHA-palvelua. reCAPTCHA-palvelu est\u00e4\u00e4 automatisoitua v\u00e4\u00e4rink\u00e4ytt\u00f6\u00e4 ja roskapostia, ja sen k\u00e4ytt\u00f6 voi tarkoittaa, ett\u00e4 Google ker\u00e4\u00e4 joitakin tietoja k\u00e4ytt\u00e4jist\u00e4, kuten IP-osoitteen. Googlen tietosuojak\u00e4yt\u00e4nn\u00f6ist\u00e4 &hellip; <\/p>\n<p class=\"link-more\"><a href=\"https:\/\/villatiitus.fi\/?page_id=307\" class=\"more-link\">Jatka lukemista<span class=\"screen-reader-text\"> &#8221;Tietosuojaseloste&#8221;<\/span><\/a><\/p>\n","protected":false},"author":1,"featured_media":0,"parent":0,"menu_order":0,"comment_status":"closed","ping_status":"closed","template":"","meta":{"footnotes":""},"class_list":["post-307","page","type-page","status-publish","hentry"],"_links":{"self":[{"href":"https:\/\/villatiitus.fi\/index.php?rest_route=\/wp\/v2\/pages\/307"}],"collection":[{"href":"https:\/\/villatiitus.fi\/index.php?rest_route=\/wp\/v2\/pages"}],"about":[{"href":"https:\/\/villatiitus.fi\/index.php?rest_route=\/wp\/v2\/types\/page"}],"author":[{"embeddable":true,"href":"https:\/\/villatiitus.fi\/index.php?rest_route=\/wp\/v2\/users\/1"}],"replies":[{"embeddable":true,"href":"https:\/\/villatiitus.fi\/index.php?rest_route=%2Fwp%2Fv2%2Fcomments&post=307"}],"version-history":[{"count":3,"href":"https:\/\/villatiitus.fi\/index.php?rest_route=\/wp\/v2\/pages\/307\/revisions"}],"predecessor-version":[{"id":323,"href":"https:\/\/villatiitus.fi\/index.php?rest_route=\/wp\/v2\/pages\/307\/revisions\/323"}],"wp:attachment":[{"href":"https:\/\/villatiitus.fi\/index.php?rest_route=%2Fwp%2Fv2%2Fmedia&parent=307"}],"curies":[{"name":"wp","href":"https:\/\/api.w.org\/{rel}","templated":true}]}}